{"id":86,"date":"2025-07-29T11:55:40","date_gmt":"2025-07-29T11:55:40","guid":{"rendered":"https:\/\/radioestacion.com.py\/?page_id=86"},"modified":"2025-08-21T14:32:11","modified_gmt":"2025-08-21T14:32:11","slug":"quienes-somos","status":"publish","type":"page","link":"https:\/\/radioestacion.com.py\/index.php\/quienes-somos\/","title":{"rendered":"Quienes Somos"},"content":{"rendered":"\n<figure class=\"wp-block-image alignwide size-large\"><img loading=\"lazy\" decoding=\"async\" width=\"936\" height=\"1024\" src=\"https:\/\/radioestacion.com.py\/wp-content\/uploads\/2025\/08\/quienes-somos-936x1024.jpg\" alt=\"\" class=\"wp-image-189\" srcset=\"https:\/\/radioestacion.com.py\/wp-content\/uploads\/2025\/08\/quienes-somos-936x1024.jpg 936w, https:\/\/radioestacion.com.py\/wp-content\/uploads\/2025\/08\/quienes-somos-274x300.jpg 274w, https:\/\/radioestacion.com.py\/wp-content\/uploads\/2025\/08\/quienes-somos-768x841.jpg 768w, https:\/\/radioestacion.com.py\/wp-content\/uploads\/2025\/08\/quienes-somos-1024x1121.jpg 1024w, https:\/\/radioestacion.com.py\/wp-content\/uploads\/2025\/08\/quienes-somos.jpg 1142w\" sizes=\"auto, (max-width: 936px) 100vw, 936px\" \/><\/figure>\n","protected":false},"excerpt":{"rendered":"","protected":false},"author":1,"featured_media":0,"parent":0,"menu_order":0,"comment_status":"closed","ping_status":"closed","template":"","meta":{"footnotes":""},"class_list":["post-86","page","type-page","status-publish","hentry"],"yoast_head":"<!-- This site is optimized with the Yoast SEO plugin v26.9 - https:\/\/yoast.com\/product\/yoast-seo-wordpress\/ -->\n<title>Quienes Somos - Radio Estaci\u00f3n - 92.9 Fm Caazap\u00e1<\/title>\n<meta name=\"robots\" content=\"index, follow, max-snippet:-1, max-image-preview:large, max-video-preview:-1\" \/>\n<link rel=\"canonical\" href=\"https:\/\/radioestacion.com.py\/index.php\/quienes-somos\/\" \/>\n<meta property=\"og:locale\" content=\"es_ES\" \/>\n<meta property=\"og:type\" content=\"article\" \/>\n<meta property=\"og:title\" content=\"Quienes Somos - Radio Estaci\u00f3n - 92.9 Fm Caazap\u00e1\" \/>\n<meta property=\"og:url\" content=\"https:\/\/radioestacion.com.py\/index.php\/quienes-somos\/\" \/>\n<meta property=\"og:site_name\" content=\"Radio Estaci\u00f3n - 92.9 Fm Caazap\u00e1\" \/>\n<meta property=\"article:publisher\" content=\"https:\/\/www.facebook.com\/profile.php?id=61578076966227\" \/>\n<meta property=\"article:modified_time\" content=\"2025-08-21T14:32:11+00:00\" \/>\n<meta property=\"og:image\" content=\"https:\/\/radioestacion.com.py\/wp-content\/uploads\/2025\/08\/quienes-somos.jpg\" \/>\n\t<meta property=\"og:image:width\" content=\"1142\" \/>\n\t<meta property=\"og:image:height\" content=\"1250\" \/>\n\t<meta property=\"og:image:type\" content=\"image\/jpeg\" \/>\n<meta name=\"twitter:card\" content=\"summary_large_image\" \/>\n<meta name=\"twitter:label1\" content=\"Tiempo de lectura\" \/>\n\t<meta name=\"twitter:data1\" content=\"1 minuto\" \/>\n<script type=\"application\/ld+json\" class=\"yoast-schema-graph\">{\"@context\":\"https:\/\/schema.org\",\"@graph\":[{\"@type\":\"WebPage\",\"@id\":\"https:\/\/radioestacion.com.py\/index.php\/quienes-somos\/\",\"url\":\"https:\/\/radioestacion.com.py\/index.php\/quienes-somos\/\",\"name\":\"Quienes Somos - Radio Estaci\u00f3n - 92.9 Fm Caazap\u00e1\",\"isPartOf\":{\"@id\":\"https:\/\/radioestacion.com.py\/#website\"},\"primaryImageOfPage\":{\"@id\":\"https:\/\/radioestacion.com.py\/index.php\/quienes-somos\/#primaryimage\"},\"image\":{\"@id\":\"https:\/\/radioestacion.com.py\/index.php\/quienes-somos\/#primaryimage\"},\"thumbnailUrl\":\"https:\/\/radioestacion.com.py\/wp-content\/uploads\/2025\/08\/quienes-somos-936x1024.jpg\",\"datePublished\":\"2025-07-29T11:55:40+00:00\",\"dateModified\":\"2025-08-21T14:32:11+00:00\",\"breadcrumb\":{\"@id\":\"https:\/\/radioestacion.com.py\/index.php\/quienes-somos\/#breadcrumb\"},\"inLanguage\":\"es\",\"potentialAction\":[{\"@type\":\"ReadAction\",\"target\":[\"https:\/\/radioestacion.com.py\/index.php\/quienes-somos\/\"]}]},{\"@type\":\"ImageObject\",\"inLanguage\":\"es\",\"@id\":\"https:\/\/radioestacion.com.py\/index.php\/quienes-somos\/#primaryimage\",\"url\":\"https:\/\/radioestacion.com.py\/wp-content\/uploads\/2025\/08\/quienes-somos.jpg\",\"contentUrl\":\"https:\/\/radioestacion.com.py\/wp-content\/uploads\/2025\/08\/quienes-somos.jpg\",\"width\":1142,\"height\":1250},{\"@type\":\"BreadcrumbList\",\"@id\":\"https:\/\/radioestacion.com.py\/index.php\/quienes-somos\/#breadcrumb\",\"itemListElement\":[{\"@type\":\"ListItem\",\"position\":1,\"name\":\"Portada\",\"item\":\"https:\/\/radioestacion.com.py\/\"},{\"@type\":\"ListItem\",\"position\":2,\"name\":\"Quienes Somos\"}]},{\"@type\":\"WebSite\",\"@id\":\"https:\/\/radioestacion.com.py\/#website\",\"url\":\"https:\/\/radioestacion.com.py\/\",\"name\":\"Radio Estaci\u00f3n - 92.9 Fm Caazap\u00e1\",\"description\":\"Radio Estaci\u00f3n de Caazap\u00e1, 92.9 radio estaci\u00f3n\",\"publisher\":{\"@id\":\"https:\/\/radioestacion.com.py\/#organization\"},\"alternateName\":\"Radio Estacion de Caazap\u00e1\",\"potentialAction\":[{\"@type\":\"SearchAction\",\"target\":{\"@type\":\"EntryPoint\",\"urlTemplate\":\"https:\/\/radioestacion.com.py\/?s={search_term_string}\"},\"query-input\":{\"@type\":\"PropertyValueSpecification\",\"valueRequired\":true,\"valueName\":\"search_term_string\"}}],\"inLanguage\":\"es\"},{\"@type\":\"Organization\",\"@id\":\"https:\/\/radioestacion.com.py\/#organization\",\"name\":\"Radio Estaci\u00f3n 92.9\",\"url\":\"https:\/\/radioestacion.com.py\/\",\"logo\":{\"@type\":\"ImageObject\",\"inLanguage\":\"es\",\"@id\":\"https:\/\/radioestacion.com.py\/#\/schema\/logo\/image\/\",\"url\":\"https:\/\/radioestacion.com.py\/wp-content\/uploads\/2025\/07\/cropped-logo-1.png\",\"contentUrl\":\"https:\/\/radioestacion.com.py\/wp-content\/uploads\/2025\/07\/cropped-logo-1.png\",\"width\":512,\"height\":512,\"caption\":\"Radio Estaci\u00f3n 92.9\"},\"image\":{\"@id\":\"https:\/\/radioestacion.com.py\/#\/schema\/logo\/image\/\"},\"sameAs\":[\"https:\/\/www.facebook.com\/profile.php?id=61578076966227\"]}]}<\/script>\n<!-- \/ Yoast SEO plugin. -->","yoast_head_json":{"title":"Quienes Somos - Radio Estaci\u00f3n - 92.9 Fm Caazap\u00e1","robots":{"index":"index","follow":"follow","max-snippet":"max-snippet:-1","max-image-preview":"max-image-preview:large","max-video-preview":"max-video-preview:-1"},"canonical":"https:\/\/radioestacion.com.py\/index.php\/quienes-somos\/","og_locale":"es_ES","og_type":"article","og_title":"Quienes Somos - Radio Estaci\u00f3n - 92.9 Fm Caazap\u00e1","og_url":"https:\/\/radioestacion.com.py\/index.php\/quienes-somos\/","og_site_name":"Radio Estaci\u00f3n - 92.9 Fm Caazap\u00e1","article_publisher":"https:\/\/www.facebook.com\/profile.php?id=61578076966227","article_modified_time":"2025-08-21T14:32:11+00:00","og_image":[{"width":1142,"height":1250,"url":"https:\/\/radioestacion.com.py\/wp-content\/uploads\/2025\/08\/quienes-somos.jpg","type":"image\/jpeg"}],"twitter_card":"summary_large_image","twitter_misc":{"Tiempo de lectura":"1 minuto"},"schema":{"@context":"https:\/\/schema.org","@graph":[{"@type":"WebPage","@id":"https:\/\/radioestacion.com.py\/index.php\/quienes-somos\/","url":"https:\/\/radioestacion.com.py\/index.php\/quienes-somos\/","name":"Quienes Somos - Radio Estaci\u00f3n - 92.9 Fm Caazap\u00e1","isPartOf":{"@id":"https:\/\/radioestacion.com.py\/#website"},"primaryImageOfPage":{"@id":"https:\/\/radioestacion.com.py\/index.php\/quienes-somos\/#primaryimage"},"image":{"@id":"https:\/\/radioestacion.com.py\/index.php\/quienes-somos\/#primaryimage"},"thumbnailUrl":"https:\/\/radioestacion.com.py\/wp-content\/uploads\/2025\/08\/quienes-somos-936x1024.jpg","datePublished":"2025-07-29T11:55:40+00:00","dateModified":"2025-08-21T14:32:11+00:00","breadcrumb":{"@id":"https:\/\/radioestacion.com.py\/index.php\/quienes-somos\/#breadcrumb"},"inLanguage":"es","potentialAction":[{"@type":"ReadAction","target":["https:\/\/radioestacion.com.py\/index.php\/quienes-somos\/"]}]},{"@type":"ImageObject","inLanguage":"es","@id":"https:\/\/radioestacion.com.py\/index.php\/quienes-somos\/#primaryimage","url":"https:\/\/radioestacion.com.py\/wp-content\/uploads\/2025\/08\/quienes-somos.jpg","contentUrl":"https:\/\/radioestacion.com.py\/wp-content\/uploads\/2025\/08\/quienes-somos.jpg","width":1142,"height":1250},{"@type":"BreadcrumbList","@id":"https:\/\/radioestacion.com.py\/index.php\/quienes-somos\/#breadcrumb","itemListElement":[{"@type":"ListItem","position":1,"name":"Portada","item":"https:\/\/radioestacion.com.py\/"},{"@type":"ListItem","position":2,"name":"Quienes Somos"}]},{"@type":"WebSite","@id":"https:\/\/radioestacion.com.py\/#website","url":"https:\/\/radioestacion.com.py\/","name":"Radio Estaci\u00f3n - 92.9 Fm Caazap\u00e1","description":"Radio Estaci\u00f3n de Caazap\u00e1, 92.9 radio estaci\u00f3n","publisher":{"@id":"https:\/\/radioestacion.com.py\/#organization"},"alternateName":"Radio Estacion de Caazap\u00e1","potentialAction":[{"@type":"SearchAction","target":{"@type":"EntryPoint","urlTemplate":"https:\/\/radioestacion.com.py\/?s={search_term_string}"},"query-input":{"@type":"PropertyValueSpecification","valueRequired":true,"valueName":"search_term_string"}}],"inLanguage":"es"},{"@type":"Organization","@id":"https:\/\/radioestacion.com.py\/#organization","name":"Radio Estaci\u00f3n 92.9","url":"https:\/\/radioestacion.com.py\/","logo":{"@type":"ImageObject","inLanguage":"es","@id":"https:\/\/radioestacion.com.py\/#\/schema\/logo\/image\/","url":"https:\/\/radioestacion.com.py\/wp-content\/uploads\/2025\/07\/cropped-logo-1.png","contentUrl":"https:\/\/radioestacion.com.py\/wp-content\/uploads\/2025\/07\/cropped-logo-1.png","width":512,"height":512,"caption":"Radio Estaci\u00f3n 92.9"},"image":{"@id":"https:\/\/radioestacion.com.py\/#\/schema\/logo\/image\/"},"sameAs":["https:\/\/www.facebook.com\/profile.php?id=61578076966227"]}]}},"_links":{"self":[{"href":"https:\/\/radioestacion.com.py\/index.php\/wp-json\/wp\/v2\/pages\/86","targetHints":{"allow":["GET"]}}],"collection":[{"href":"https:\/\/radioestacion.com.py\/index.php\/wp-json\/wp\/v2\/pages"}],"about":[{"href":"https:\/\/radioestacion.com.py\/index.php\/wp-json\/wp\/v2\/types\/page"}],"author":[{"embeddable":true,"href":"https:\/\/radioestacion.com.py\/index.php\/wp-json\/wp\/v2\/users\/1"}],"replies":[{"embeddable":true,"href":"https:\/\/radioestacion.com.py\/index.php\/wp-json\/wp\/v2\/comments?post=86"}],"version-history":[{"count":9,"href":"https:\/\/radioestacion.com.py\/index.php\/wp-json\/wp\/v2\/pages\/86\/revisions"}],"predecessor-version":[{"id":192,"href":"https:\/\/radioestacion.com.py\/index.php\/wp-json\/wp\/v2\/pages\/86\/revisions\/192"}],"wp:attachment":[{"href":"https:\/\/radioestacion.com.py\/index.php\/wp-json\/wp\/v2\/media?parent=86"}],"curies":[{"name":"wp","href":"https:\/\/api.w.org\/{rel}","templated":true}]}}